{"id":49,"date":"2020-10-22T10:43:10","date_gmt":"2020-10-22T10:43:10","guid":{"rendered":"https:\/\/handlinginlisbon.com\/?page_id=49"},"modified":"2023-08-04T13:13:19","modified_gmt":"2023-08-04T13:13:19","slug":"alojamiento","status":"publish","type":"page","link":"https:\/\/handlinginlisbon.com\/en\/alojamiento\/","title":{"rendered":"Alojamiento"},"content":{"rendered":"<div data-elementor-type=\"wp-page\" data-elementor-id=\"49\" class=\"elementor elementor-49\" data-elementor-settings=\"[]\">\n\t\t\t\t\t\t<div class=\"elementor-inner\">\n\t\t\t\t\t\t\t<div class=\"elementor-section-wrap\">\n\t\t\t\t\t\t\t<section class=\"elementor-section elementor-top-section elementor-element elementor-element-32f0a843 elementor-section-height-min-height elementor-section-content-middle elementor-section-boxed elementor-section-height-default elementor-section-items-middle\" data-id=\"32f0a843\" data-element_type=\"section\" data-settings=\"{&quot;background_background&quot;:&quot;classic&quot;}\">\n\t\t\t\t\t\t\t<div class=\"elementor-background-overlay\"><\/div>\n\t\t\t\t\t\t\t<div class=\"elementor-container elementor-column-gap-default\">\n\t\t\t\t\t\t\t<div class=\"elementor-row\">\n\t\t\t\t\t<div class=\"elementor-column elementor-col-100 elementor-top-column elementor-element elementor-element-37287655\" data-id=\"37287655\" data-element_type=\"column\">\n\t\t\t<div class=\"elementor-column-wrap elementor-element-populated\">\n\t\t\t\t\t\t\t<div class=\"elementor-widget-wrap\">\n\t\t\t\t\t\t<div class=\"elementor-element elementor-element-4983d434 elementor-widget elementor-widget-heading\" data-id=\"4983d434\" data-element_type=\"widget\" data-widget_type=\"heading.default\">\n\t\t\t\t<div class=\"elementor-widget-container\">\n\t\t\t<h5 class=\"elementor-heading-title elementor-size-default\">Alojamiento<\/h5>\t\t<\/div>\n\t\t\t\t<\/div>\n\t\t\t\t<div class=\"elementor-element elementor-element-27c794f7 elementor-widget elementor-widget-heading\" data-id=\"27c794f7\" data-element_type=\"widget\" data-widget_type=\"heading.default\">\n\t\t\t\t<div class=\"elementor-widget-container\">\n\t\t\t<h2 class=\"elementor-heading-title elementor-size-default\">Sabemos lo importante que es hacer\nuna buena elecci\u00f3n de tu nuevo hogar<\/h2>\t\t<\/div>\n\t\t\t\t<\/div>\n\t\t\t\t\t\t<\/div>\n\t\t\t\t\t<\/div>\n\t\t<\/div>\n\t\t\t\t\t\t\t\t<\/div>\n\t\t\t\t\t<\/div>\n\t\t<\/section>\n\t\t\t\t<section class=\"elementor-section elementor-top-section elementor-element elementor-element-67489633 elementor-section-boxed elementor-section-height-default elementor-section-height-default\" data-id=\"67489633\" data-element_type=\"section\">\n\t\t\t\t\t\t<div class=\"elementor-container elementor-column-gap-no\">\n\t\t\t\t\t\t\t<div class=\"elementor-row\">\n\t\t\t\t\t<div class=\"elementor-column elementor-col-100 elementor-top-column elementor-element elementor-element-2d9b49da\" data-id=\"2d9b49da\" data-element_type=\"column\">\n\t\t\t<div class=\"elementor-column-wrap elementor-element-populated\">\n\t\t\t\t\t\t\t<div class=\"elementor-widget-wrap\">\n\t\t\t\t\t\t<div class=\"elementor-element elementor-element-5d49b0e8 elementor-widget elementor-widget-heading\" data-id=\"5d49b0e8\" data-element_type=\"widget\" data-widget_type=\"heading.default\">\n\t\t\t\t<div class=\"elementor-widget-container\">\n\t\t\t<h2 class=\"elementor-heading-title elementor-size-default\">Compra o Alquiler\u200b<\/h2>\t\t<\/div>\n\t\t\t\t<\/div>\n\t\t\t\t<div class=\"elementor-element elementor-element-1278b8c0 elementor-widget elementor-widget-text-editor\" data-id=\"1278b8c0\" data-element_type=\"widget\" data-widget_type=\"text-editor.default\">\n\t\t\t\t<div class=\"elementor-widget-container\">\n\t\t\t\t\t<div class=\"elementor-text-editor elementor-clearfix\"><div class=\"elementor-element elementor-element-6f7063e1 elementor-widget elementor-widget-text-editor\" data-id=\"6f7063e1\" data-element_type=\"widget\" data-widget_type=\"text-editor.default\"><div class=\"elementor-widget-container\"><div class=\"elementor-text-editor elementor-clearfix\"><p style=\"text-align: center;\">En Handling in Lisbon creemos que hacer una buena elecci\u00f3n del barrio y vecindario donde queremos vivir es fundamental a la hora de elegir nuestra futura casa.<\/p><\/div><\/div><\/div><\/div>\n\t\t\t\t<\/div>\n\t\t\t\t<\/div>\n\t\t\t\t\t\t<\/div>\n\t\t\t\t\t<\/div>\n\t\t<\/div>\n\t\t\t\t\t\t\t\t<\/div>\n\t\t\t\t\t<\/div>\n\t\t<\/section>\n\t\t\t\t<section class=\"elementor-section elementor-top-section elementor-element elementor-element-f19aec9 elementor-section-boxed elementor-section-height-default elementor-section-height-default\" data-id=\"f19aec9\" data-element_type=\"section\">\n\t\t\t\t\t\t<div class=\"elementor-container elementor-column-gap-default\">\n\t\t\t\t\t\t\t<div class=\"elementor-row\">\n\t\t\t\t\t<div class=\"elementor-column elementor-col-100 elementor-top-column elementor-element elementor-element-4cfcbac\" data-id=\"4cfcbac\" data-element_type=\"column\">\n\t\t\t<div class=\"elementor-column-wrap elementor-element-populated\">\n\t\t\t\t\t\t\t<div class=\"elementor-widget-wrap\">\n\t\t\t\t\t\t<div class=\"elementor-element elementor-element-a5d0c1b elementor-widget-divider--view-line elementor-widget elementor-widget-divider\" data-id=\"a5d0c1b\" data-element_type=\"widget\" data-widget_type=\"divider.default\">\n\t\t\t\t<div class=\"elementor-widget-container\">\n\t\t\t\t\t<div class=\"elementor-divider\">\n\t\t\t<span class=\"elementor-divider-separator\">\n\t\t\t\t\t\t<\/span>\n\t\t<\/div>\n\t\t\t\t<\/div>\n\t\t\t\t<\/div>\n\t\t\t\t\t\t<\/div>\n\t\t\t\t\t<\/div>\n\t\t<\/div>\n\t\t\t\t\t\t\t\t<\/div>\n\t\t\t\t\t<\/div>\n\t\t<\/section>\n\t\t\t\t<section class=\"elementor-section elementor-top-section elementor-element elementor-element-34ae2528 elementor-section-boxed elementor-section-height-default elementor-section-height-default\" data-id=\"34ae2528\" data-element_type=\"section\">\n\t\t\t\t\t\t<div class=\"elementor-container elementor-column-gap-default\">\n\t\t\t\t\t\t\t<div class=\"elementor-row\">\n\t\t\t\t\t<div class=\"elementor-column elementor-col-33 elementor-top-column elementor-element elementor-element-3c6bf431\" data-id=\"3c6bf431\" data-element_type=\"column\">\n\t\t\t<div class=\"elementor-column-wrap elementor-element-populated\">\n\t\t\t\t\t\t\t<div class=\"elementor-widget-wrap\">\n\t\t\t\t\t\t<div class=\"elementor-element elementor-element-c5a843c elementor-widget elementor-widget-menu-anchor\" data-id=\"c5a843c\" data-element_type=\"widget\" data-widget_type=\"menu-anchor.default\">\n\t\t\t\t<div class=\"elementor-widget-container\">\n\t\t\t\t\t<div id=\"compra\" class=\"elementor-menu-anchor\"><\/div>\n\t\t\t\t<\/div>\n\t\t\t\t<\/div>\n\t\t\t\t<div class=\"elementor-element elementor-element-472dfded elementor-widget elementor-widget-price-table\" data-id=\"472dfded\" data-element_type=\"widget\" data-widget_type=\"price-table.default\">\n\t\t\t\t<div class=\"elementor-widget-container\">\n\t\t\t\n\t\t<div class=\"elementor-price-table\">\n\t\t\t\t\t\t\t<div class=\"elementor-price-table__header\">\n\t\t\t\t\t\t\t\t\t\t\t<h3 class=\"elementor-price-table__heading\">Compra<br>o Alquiler<\/h3>\n\t\t\t\t\t\n\t\t\t\t\t\t\t\t\t<\/div>\n\t\t\t\n\t\t\t<div class=\"elementor-price-table__price\">\n\t\t\t\t\t\t\t\t<span class=\"elementor-price-table__currency elementor-currency--before\">&#128;<\/span>\t\t\t\t\t\t\t\t\t<span class=\"elementor-price-table__integer-part\">400<\/span>\n\t\t\t\t\n\t\t\t\t\t\t\t\t\t<div class=\"elementor-price-table__after-price\">\n\t\t\t\t\t\t<span class=\"elementor-price-table__fractional-part\"><\/span>\n\n\t\t\t\t\t\t\t\t\t\t\t\t\t<span class=\"elementor-price-table__period elementor-typo-excluded\">tramitaci\u00f3n<\/span>\t\t\t\t\t\t\t\t\t\t\t<\/div>\n\t\t\t\t\n\t\t\t\t\n\t\t\t\t\t\t\t<\/div>\n\n\t\t\t\t\t\t\t<ul class=\"elementor-price-table__features-list\">\n\t\t\t\t\t\t\t\t\t\t\t<li class=\"elementor-repeater-item-827025c\">\n\t\t\t\t\t\t\t<div class=\"elementor-price-table__feature-inner\">\n\t\t\t\t\t\t\t\t<i aria-hidden=\"true\" class=\"far fa-check-circle\"><\/i>\t\t\t\t\t\t\t\t\t\t\t\t\t\t\t\t\t<span >\n\t\t\t\t\t\t\t\t\t\tEn Handling in Lisbon creemos que hacer una buena elecci\u00f3n del barrio y vecindario donde queremos vivir es fundamental a la hora de elegir nuestra futura casa. <br><br>Te ayudamos no s\u00f3lo con la b\u00fasqueda de tu futura casa si no que nos comprometemos coordinar las visitas y asesorarte en el contrato de alquiler.\t\t\t\t\t\t\t\t\t<\/span>\n\t\t\t\t\t\t\t\t\t\t\t\t\t\t\t\t<\/div>\n\t\t\t\t\t\t<\/li>\n\t\t\t\t\t\t\t\t\t<\/ul>\n\t\t\t\n\t\t\t\t\t<\/div>\n\n\t\t\t\t<\/div>\n\t\t\t\t<\/div>\n\t\t\t\t\t\t<\/div>\n\t\t\t\t\t<\/div>\n\t\t<\/div>\n\t\t\t\t<div class=\"elementor-column elementor-col-33 elementor-top-column elementor-element elementor-element-3a8235d8\" data-id=\"3a8235d8\" data-element_type=\"column\">\n\t\t\t<div class=\"elementor-column-wrap elementor-element-populated\">\n\t\t\t\t\t\t\t<div class=\"elementor-widget-wrap\">\n\t\t\t\t\t\t<div class=\"elementor-element elementor-element-3af9223 elementor-widget elementor-widget-menu-anchor\" data-id=\"3af9223\" data-element_type=\"widget\" data-widget_type=\"menu-anchor.default\">\n\t\t\t\t<div class=\"elementor-widget-container\">\n\t\t\t\t\t<div id=\"alquiler\" class=\"elementor-menu-anchor\"><\/div>\n\t\t\t\t<\/div>\n\t\t\t\t<\/div>\n\t\t\t\t<div class=\"elementor-element elementor-element-596c4c7e elementor-widget elementor-widget-price-table\" data-id=\"596c4c7e\" data-element_type=\"widget\" data-widget_type=\"price-table.default\">\n\t\t\t\t<div class=\"elementor-widget-container\">\n\t\t\t\n\t\t<div class=\"elementor-price-table\">\n\t\t\t\t\t\t\t<div class=\"elementor-price-table__header\">\n\t\t\t\t\t\t\t\t\t\t\t<h3 class=\"elementor-price-table__heading\">Alquiler <br>Temporal<\/h3>\n\t\t\t\t\t\n\t\t\t\t\t\t\t\t\t<\/div>\n\t\t\t\n\t\t\t<div class=\"elementor-price-table__price\">\n\t\t\t\t\t\t\t\t<span class=\"elementor-price-table__currency elementor-currency--before\">&#128;<\/span>\t\t\t\t\t\t\t\t\t<span class=\"elementor-price-table__integer-part\">200<\/span>\n\t\t\t\t\n\t\t\t\t\t\t\t\t\t<div class=\"elementor-price-table__after-price\">\n\t\t\t\t\t\t<span class=\"elementor-price-table__fractional-part\"><\/span>\n\n\t\t\t\t\t\t\t\t\t\t\t\t\t<span class=\"elementor-price-table__period elementor-typo-excluded\">tramitaci\u00f3n<\/span>\t\t\t\t\t\t\t\t\t\t\t<\/div>\n\t\t\t\t\n\t\t\t\t\n\t\t\t\t\t\t\t<\/div>\n\n\t\t\t\t\t\t\t<ul class=\"elementor-price-table__features-list\">\n\t\t\t\t\t\t\t\t\t\t\t<li class=\"elementor-repeater-item-827025c\">\n\t\t\t\t\t\t\t<div class=\"elementor-price-table__feature-inner\">\n\t\t\t\t\t\t\t\t<i aria-hidden=\"true\" class=\"far fa-check-circle\"><\/i>\t\t\t\t\t\t\t\t\t\t\t\t\t\t\t\t\t<span >\n\t\t\t\t\t\t\t\t\t\tTe ofrecemos un asesoramiento online adaptado a tus necesidades personales, as\u00ed como asistencia directa durante tu estancia en Lisboa. <br><br>\nTe ayudamos a organizar y gestionar las visitas de las viviendas que te interesen para hacer que tu tiempo en la ciudad sea m\u00e1s productivo y satisfactorio.\t\t\t\t\t\t\t\t\t<\/span>\n\t\t\t\t\t\t\t\t\t\t\t\t\t\t\t\t<\/div>\n\t\t\t\t\t\t<\/li>\n\t\t\t\t\t\t\t\t\t<\/ul>\n\t\t\t\n\t\t\t\t\t<\/div>\n\n\t\t\t\t<\/div>\n\t\t\t\t<\/div>\n\t\t\t\t\t\t<\/div>\n\t\t\t\t\t<\/div>\n\t\t<\/div>\n\t\t\t\t<div class=\"elementor-column elementor-col-33 elementor-top-column elementor-element elementor-element-3c3ef5c3\" data-id=\"3c3ef5c3\" data-element_type=\"column\">\n\t\t\t<div class=\"elementor-column-wrap elementor-element-populated\">\n\t\t\t\t\t\t\t<div class=\"elementor-widget-wrap\">\n\t\t\t\t\t\t<div class=\"elementor-element elementor-element-0ccd9b2 elementor-widget elementor-widget-menu-anchor\" data-id=\"0ccd9b2\" data-element_type=\"widget\" data-widget_type=\"menu-anchor.default\">\n\t\t\t\t<div class=\"elementor-widget-container\">\n\t\t\t\t\t<div id=\"contratacion\" class=\"elementor-menu-anchor\"><\/div>\n\t\t\t\t<\/div>\n\t\t\t\t<\/div>\n\t\t\t\t<div class=\"elementor-element elementor-element-53be89a7 elementor-widget elementor-widget-price-table\" data-id=\"53be89a7\" data-element_type=\"widget\" data-widget_type=\"price-table.default\">\n\t\t\t\t<div class=\"elementor-widget-container\">\n\t\t\t\n\t\t<div class=\"elementor-price-table\">\n\t\t\t\t\t\t\t<div class=\"elementor-price-table__header\">\n\t\t\t\t\t\t\t\t\t\t\t<h3 class=\"elementor-price-table__heading\">Contrataci\u00f3n de servicios<\/h3>\n\t\t\t\t\t\n\t\t\t\t\t\t\t\t\t<\/div>\n\t\t\t\n\t\t\t<div class=\"elementor-price-table__price\">\n\t\t\t\t\t\t\t\t<span class=\"elementor-price-table__currency elementor-currency--before\">&#128;<\/span>\t\t\t\t\t\t\t\t\t<span class=\"elementor-price-table__integer-part\">50<\/span>\n\t\t\t\t\n\t\t\t\t\t\t\t\t\t<div class=\"elementor-price-table__after-price\">\n\t\t\t\t\t\t<span class=\"elementor-price-table__fractional-part\"><\/span>\n\n\t\t\t\t\t\t\t\t\t\t\t\t\t<span class=\"elementor-price-table__period elementor-typo-excluded\">a partir de<\/span>\t\t\t\t\t\t\t\t\t\t\t<\/div>\n\t\t\t\t\n\t\t\t\t\n\t\t\t\t\t\t\t<\/div>\n\n\t\t\t\t\t\t\t<ul class=\"elementor-price-table__features-list\">\n\t\t\t\t\t\t\t\t\t\t\t<li class=\"elementor-repeater-item-827025c\">\n\t\t\t\t\t\t\t<div class=\"elementor-price-table__feature-inner\">\n\t\t\t\t\t\t\t\t<i aria-hidden=\"true\" class=\"far fa-check-circle\"><\/i>\t\t\t\t\t\t\t\t\t\t\t\t\t\t\t\t\t<span >\n\t\t\t\t\t\t\t\t\t\t<b>Agua, Luz, Gas, Internet, Tv, Emel, V\u00eda Verde\u2026<\/b> <br><br>\nUna vez tengas tu casa puedes simplificar el proceso de la mudanza delegando en nosotros la realizaci\u00f3n de las gestiones para la contrataci\u00f3n de los suministros eliminando as\u00ed una de las tareas m\u00e1s arduas y farragosas de cualquier mudanza.\t\t\t\t\t\t\t\t\t<\/span>\n\t\t\t\t\t\t\t\t\t\t\t\t\t\t\t\t<\/div>\n\t\t\t\t\t\t<\/li>\n\t\t\t\t\t\t\t\t\t<\/ul>\n\t\t\t\n\t\t\t\t\t<\/div>\n\n\t\t\t\t<\/div>\n\t\t\t\t<\/div>\n\t\t\t\t\t\t<\/div>\n\t\t\t\t\t<\/div>\n\t\t<\/div>\n\t\t\t\t\t\t\t\t<\/div>\n\t\t\t\t\t<\/div>\n\t\t<\/section>\n\t\t\t\t\t\t<\/div>\n\t\t\t\t\t\t<\/div>\n\t\t\t\t\t<\/div>","protected":false},"excerpt":{"rendered":"<p>Alojamiento Sabemos lo importante que es hacer una buena elecci\u00f3n de tu nuevo hogar Compra o Alquiler\u200b En Handling in Lisbon creemos que hacer una buena elecci\u00f3n del barrio y vecindario donde queremos vivir es fundamental a la hora de elegir nuestra futura casa. Comprao Alquiler &#8364; 400 tramitaci\u00f3n En Handling in Lisbon creemos que [&hellip;]<\/p>","protected":false},"author":1,"featured_media":0,"parent":0,"menu_order":0,"comment_status":"closed","ping_status":"closed","template":"","meta":[],"yoast_head":"<!-- This site is optimized with the Yoast SEO plugin v17.9 - https:\/\/yoast.com\/wordpress\/plugins\/seo\/ -->\n<title>Alojamiento - Handling in Lisbon<\/title>\n<meta name=\"robots\" content=\"index, follow, max-snippet:-1, max-image-preview:large, max-video-preview:-1\" \/>\n<link rel=\"canonical\" href=\"https:\/\/handlinginlisbon.com\/en\/alojamiento\/\" \/>\n<meta property=\"og:locale\" content=\"en_GB\" \/>\n<meta property=\"og:type\" content=\"article\" \/>\n<meta property=\"og:title\" content=\"Alojamiento - Handling in Lisbon\" \/>\n<meta property=\"og:description\" content=\"Alojamiento Sabemos lo importante que es hacer una buena elecci\u00f3n de tu nuevo hogar Compra o Alquiler\u200b En Handling in Lisbon creemos que hacer una buena elecci\u00f3n del barrio y vecindario donde queremos vivir es fundamental a la hora de elegir nuestra futura casa. Comprao Alquiler &#8364; 400 tramitaci\u00f3n En Handling in Lisbon creemos que [&hellip;]\" \/>\n<meta property=\"og:url\" content=\"https:\/\/handlinginlisbon.com\/en\/alojamiento\/\" \/>\n<meta property=\"og:site_name\" content=\"Handling in Lisbon\" \/>\n<meta property=\"article:modified_time\" content=\"2023-08-04T13:13:19+00:00\" \/>\n<meta name=\"twitter:card\" content=\"summary_large_image\" \/>\n<meta name=\"twitter:label1\" content=\"Estimated reading time\" \/>\n\t<meta name=\"twitter:data1\" content=\"2 minutes\" \/>\n<script type=\"application\/ld+json\" class=\"yoast-schema-graph\">{\"@context\":\"https:\/\/schema.org\",\"@graph\":[{\"@type\":\"WebSite\",\"@id\":\"https:\/\/handlinginlisbon.com\/#website\",\"url\":\"https:\/\/handlinginlisbon.com\/\",\"name\":\"Handling in Lisbon\",\"description\":\"Tramites para vivir en Lisboa\",\"potentialAction\":[{\"@type\":\"SearchAction\",\"target\":{\"@type\":\"EntryPoint\",\"urlTemplate\":\"https:\/\/handlinginlisbon.com\/?s={search_term_string}\"},\"query-input\":\"required name=search_term_string\"}],\"inLanguage\":\"en-GB\"},{\"@type\":\"WebPage\",\"@id\":\"https:\/\/handlinginlisbon.com\/alojamiento\/#webpage\",\"url\":\"https:\/\/handlinginlisbon.com\/alojamiento\/\",\"name\":\"Alojamiento - Handling in Lisbon\",\"isPartOf\":{\"@id\":\"https:\/\/handlinginlisbon.com\/#website\"},\"datePublished\":\"2020-10-22T10:43:10+00:00\",\"dateModified\":\"2023-08-04T13:13:19+00:00\",\"breadcrumb\":{\"@id\":\"https:\/\/handlinginlisbon.com\/alojamiento\/#breadcrumb\"},\"inLanguage\":\"en-GB\",\"potentialAction\":[{\"@type\":\"ReadAction\",\"target\":[\"https:\/\/handlinginlisbon.com\/alojamiento\/\"]}]},{\"@type\":\"BreadcrumbList\",\"@id\":\"https:\/\/handlinginlisbon.com\/alojamiento\/#breadcrumb\",\"itemListElement\":[{\"@type\":\"ListItem\",\"position\":1,\"name\":\"Home\",\"item\":\"https:\/\/handlinginlisbon.com\/\"},{\"@type\":\"ListItem\",\"position\":2,\"name\":\"Alojamiento\"}]}]}<\/script>\n<!-- \/ Yoast SEO plugin. -->","yoast_head_json":{"title":"Alojamiento - Handling in Lisbon","robots":{"index":"index","follow":"follow","max-snippet":"max-snippet:-1","max-image-preview":"max-image-preview:large","max-video-preview":"max-video-preview:-1"},"canonical":"https:\/\/handlinginlisbon.com\/en\/alojamiento\/","og_locale":"en_GB","og_type":"article","og_title":"Alojamiento - Handling in Lisbon","og_description":"Alojamiento Sabemos lo importante que es hacer una buena elecci\u00f3n de tu nuevo hogar Compra o Alquiler\u200b En Handling in Lisbon creemos que hacer una buena elecci\u00f3n del barrio y vecindario donde queremos vivir es fundamental a la hora de elegir nuestra futura casa. Comprao Alquiler &#8364; 400 tramitaci\u00f3n En Handling in Lisbon creemos que [&hellip;]","og_url":"https:\/\/handlinginlisbon.com\/en\/alojamiento\/","og_site_name":"Handling in Lisbon","article_modified_time":"2023-08-04T13:13:19+00:00","twitter_card":"summary_large_image","twitter_misc":{"Estimated reading time":"2 minutes"},"schema":{"@context":"https:\/\/schema.org","@graph":[{"@type":"WebSite","@id":"https:\/\/handlinginlisbon.com\/#website","url":"https:\/\/handlinginlisbon.com\/","name":"Handling in Lisbon","description":"Tramites para vivir en Lisboa","potentialAction":[{"@type":"SearchAction","target":{"@type":"EntryPoint","urlTemplate":"https:\/\/handlinginlisbon.com\/?s={search_term_string}"},"query-input":"required name=search_term_string"}],"inLanguage":"en-GB"},{"@type":"WebPage","@id":"https:\/\/handlinginlisbon.com\/alojamiento\/#webpage","url":"https:\/\/handlinginlisbon.com\/alojamiento\/","name":"Alojamiento - Handling in Lisbon","isPartOf":{"@id":"https:\/\/handlinginlisbon.com\/#website"},"datePublished":"2020-10-22T10:43:10+00:00","dateModified":"2023-08-04T13:13:19+00:00","breadcrumb":{"@id":"https:\/\/handlinginlisbon.com\/alojamiento\/#breadcrumb"},"inLanguage":"en-GB","potentialAction":[{"@type":"ReadAction","target":["https:\/\/handlinginlisbon.com\/alojamiento\/"]}]},{"@type":"BreadcrumbList","@id":"https:\/\/handlinginlisbon.com\/alojamiento\/#breadcrumb","itemListElement":[{"@type":"ListItem","position":1,"name":"Home","item":"https:\/\/handlinginlisbon.com\/"},{"@type":"ListItem","position":2,"name":"Alojamiento"}]}]}},"_links":{"self":[{"href":"https:\/\/handlinginlisbon.com\/en\/wp-json\/wp\/v2\/pages\/49"}],"collection":[{"href":"https:\/\/handlinginlisbon.com\/en\/wp-json\/wp\/v2\/pages"}],"about":[{"href":"https:\/\/handlinginlisbon.com\/en\/wp-json\/wp\/v2\/types\/page"}],"author":[{"embeddable":true,"href":"https:\/\/handlinginlisbon.com\/en\/wp-json\/wp\/v2\/users\/1"}],"replies":[{"embeddable":true,"href":"https:\/\/handlinginlisbon.com\/en\/wp-json\/wp\/v2\/comments?post=49"}],"version-history":[{"count":47,"href":"https:\/\/handlinginlisbon.com\/en\/wp-json\/wp\/v2\/pages\/49\/revisions"}],"predecessor-version":[{"id":480,"href":"https:\/\/handlinginlisbon.com\/en\/wp-json\/wp\/v2\/pages\/49\/revisions\/480"}],"wp:attachment":[{"href":"https:\/\/handlinginlisbon.com\/en\/wp-json\/wp\/v2\/media?parent=49"}],"curies":[{"name":"wp","href":"https:\/\/api.w.org\/{rel}","templated":true}]}}