{"id":152,"date":"2020-10-23T09:09:31","date_gmt":"2020-10-23T09:09:31","guid":{"rendered":"https:\/\/handlinginlisbon.com\/?page_id=152"},"modified":"2023-04-25T13:27:24","modified_gmt":"2023-04-25T13:27:24","slug":"servicios-generales","status":"publish","type":"page","link":"https:\/\/handlinginlisbon.com\/en\/servicios-generales\/","title":{"rendered":"Servicios Generales"},"content":{"rendered":"<h5>Servicios Generales<\/h5>\n<h2>Disfruta de tu nueva ciudad, Lisboa<\/h2>\n<h2>Servicios Generales<\/h2>\n<p style=\"text-align: center;\">Te ofrecemos las siguientes posibilidades:<\/p>\n<h3>Generales<\/h3>\n<ul>\n<li>\n\t\t\t\t\t\t\t\t\t\tUna vez instalado, te podemos ayudar a asentarte  en la ciudad y en tu barrio de forma r\u00e1pida, segura y tranquila, inform\u00e1ndote sobre algunas cuestiones que sabemos, agradecer\u00e1s en el futuro.<\/p>\n<p>Nos referimos a cuestiones relacionadas con: Empleadas Dom\u00e9sticas, Arregos del Hogar, Servicios de Baby Sitting, Centros de Est\u00e9tica, Clases de Portugu\u00e9s, Gimnasios, Estudios de Yoga y Pilates y otras necesidades personalizadas.<\/p>\n<p><b>Precios sobre consulta seg\u00fan servicios.<\/b><\/li>\n<\/ul>\n<h3>Ocio \/ Turismo<\/h3>\n<ul>\n<li>\n\t\t\t\t\t\t\t\t\t\tLlegar a conocer aquellos lugares &#8216;secretos&#8217; de nuestra ciudad, pasear por barrios d\u00f3nde todav\u00eda no ha llegado el turismo, moverte por donde nos movemos los lisboetas de nacimiento o adopci\u00f3n, requiere tiempo de estancia en la ciudad y haber pagado alguna que otra novatada.<br \/>\nPor eso, hemos creado este servicio, dirigido tanto a personas que se trasladan a vivir a nuestra ciudad, como a aquellas que vienen a pasar un fin de semana o aquellas que viven en Lisboa y quieren conocer rutas y excursiones m\u00e1s desconocidas de la ciudad.<br \/>\n<b>Precios sobre consulta seg\u00fan necesidades.<\/b><\/li>\n<\/ul>","protected":false},"excerpt":{"rendered":"<p>Servicios Generales Disfruta de tu nueva ciudad, Lisboa Servicios Generales Te ofrecemos las siguientes posibilidades: Generales Una vez instalado, te podemos ayudar a asentarte en la ciudad y en tu barrio de forma r\u00e1pida, segura y tranquila, inform\u00e1ndote sobre algunas cuestiones que sabemos, agradecer\u00e1s en el futuro. Nos referimos a cuestiones relacionadas con: Empleadas Dom\u00e9sticas, [&hellip;]<\/p>","protected":false},"author":1,"featured_media":0,"parent":0,"menu_order":0,"comment_status":"closed","ping_status":"closed","template":"","meta":[],"yoast_head":"<!-- This site is optimized with the Yoast SEO plugin v17.9 - https:\/\/yoast.com\/wordpress\/plugins\/seo\/ -->\n<title>Servicios Generales - Handling in Lisbon<\/title>\n<meta name=\"robots\" content=\"index, follow, max-snippet:-1, max-image-preview:large, max-video-preview:-1\" \/>\n<link rel=\"canonical\" href=\"https:\/\/handlinginlisbon.com\/en\/servicios-generales\/\" \/>\n<meta property=\"og:locale\" content=\"en_GB\" \/>\n<meta property=\"og:type\" content=\"article\" \/>\n<meta property=\"og:title\" content=\"Servicios Generales - Handling in Lisbon\" \/>\n<meta property=\"og:description\" content=\"Servicios Generales Disfruta de tu nueva ciudad, Lisboa Servicios Generales Te ofrecemos las siguientes posibilidades: Generales Una vez instalado, te podemos ayudar a asentarte en la ciudad y en tu barrio de forma r\u00e1pida, segura y tranquila, inform\u00e1ndote sobre algunas cuestiones que sabemos, agradecer\u00e1s en el futuro. Nos referimos a cuestiones relacionadas con: Empleadas Dom\u00e9sticas, [&hellip;]\" \/>\n<meta property=\"og:url\" content=\"https:\/\/handlinginlisbon.com\/en\/servicios-generales\/\" \/>\n<meta property=\"og:site_name\" content=\"Handling in Lisbon\" \/>\n<meta property=\"article:modified_time\" content=\"2023-04-25T13:27:24+00:00\" \/>\n<meta name=\"twitter:card\" content=\"summary_large_image\" \/>\n<meta name=\"twitter:label1\" content=\"Estimated reading time\" \/>\n\t<meta name=\"twitter:data1\" content=\"1 minute\" \/>\n<script type=\"application\/ld+json\" class=\"yoast-schema-graph\">{\"@context\":\"https:\/\/schema.org\",\"@graph\":[{\"@type\":\"WebSite\",\"@id\":\"https:\/\/handlinginlisbon.com\/#website\",\"url\":\"https:\/\/handlinginlisbon.com\/\",\"name\":\"Handling in Lisbon\",\"description\":\"Tramites para vivir en Lisboa\",\"potentialAction\":[{\"@type\":\"SearchAction\",\"target\":{\"@type\":\"EntryPoint\",\"urlTemplate\":\"https:\/\/handlinginlisbon.com\/?s={search_term_string}\"},\"query-input\":\"required name=search_term_string\"}],\"inLanguage\":\"en-GB\"},{\"@type\":\"WebPage\",\"@id\":\"https:\/\/handlinginlisbon.com\/servicios-generales\/#webpage\",\"url\":\"https:\/\/handlinginlisbon.com\/servicios-generales\/\",\"name\":\"Servicios Generales - Handling in Lisbon\",\"isPartOf\":{\"@id\":\"https:\/\/handlinginlisbon.com\/#website\"},\"datePublished\":\"2020-10-23T09:09:31+00:00\",\"dateModified\":\"2023-04-25T13:27:24+00:00\",\"breadcrumb\":{\"@id\":\"https:\/\/handlinginlisbon.com\/servicios-generales\/#breadcrumb\"},\"inLanguage\":\"en-GB\",\"potentialAction\":[{\"@type\":\"ReadAction\",\"target\":[\"https:\/\/handlinginlisbon.com\/servicios-generales\/\"]}]},{\"@type\":\"BreadcrumbList\",\"@id\":\"https:\/\/handlinginlisbon.com\/servicios-generales\/#breadcrumb\",\"itemListElement\":[{\"@type\":\"ListItem\",\"position\":1,\"name\":\"Home\",\"item\":\"https:\/\/handlinginlisbon.com\/\"},{\"@type\":\"ListItem\",\"position\":2,\"name\":\"Servicios Generales\"}]}]}<\/script>\n<!-- \/ Yoast SEO plugin. -->","yoast_head_json":{"title":"Servicios Generales - Handling in Lisbon","robots":{"index":"index","follow":"follow","max-snippet":"max-snippet:-1","max-image-preview":"max-image-preview:large","max-video-preview":"max-video-preview:-1"},"canonical":"https:\/\/handlinginlisbon.com\/en\/servicios-generales\/","og_locale":"en_GB","og_type":"article","og_title":"Servicios Generales - Handling in Lisbon","og_description":"Servicios Generales Disfruta de tu nueva ciudad, Lisboa Servicios Generales Te ofrecemos las siguientes posibilidades: Generales Una vez instalado, te podemos ayudar a asentarte en la ciudad y en tu barrio de forma r\u00e1pida, segura y tranquila, inform\u00e1ndote sobre algunas cuestiones que sabemos, agradecer\u00e1s en el futuro. Nos referimos a cuestiones relacionadas con: Empleadas Dom\u00e9sticas, [&hellip;]","og_url":"https:\/\/handlinginlisbon.com\/en\/servicios-generales\/","og_site_name":"Handling in Lisbon","article_modified_time":"2023-04-25T13:27:24+00:00","twitter_card":"summary_large_image","twitter_misc":{"Estimated reading time":"1 minute"},"schema":{"@context":"https:\/\/schema.org","@graph":[{"@type":"WebSite","@id":"https:\/\/handlinginlisbon.com\/#website","url":"https:\/\/handlinginlisbon.com\/","name":"Handling in Lisbon","description":"Tramites para vivir en Lisboa","potentialAction":[{"@type":"SearchAction","target":{"@type":"EntryPoint","urlTemplate":"https:\/\/handlinginlisbon.com\/?s={search_term_string}"},"query-input":"required name=search_term_string"}],"inLanguage":"en-GB"},{"@type":"WebPage","@id":"https:\/\/handlinginlisbon.com\/servicios-generales\/#webpage","url":"https:\/\/handlinginlisbon.com\/servicios-generales\/","name":"Servicios Generales - Handling in Lisbon","isPartOf":{"@id":"https:\/\/handlinginlisbon.com\/#website"},"datePublished":"2020-10-23T09:09:31+00:00","dateModified":"2023-04-25T13:27:24+00:00","breadcrumb":{"@id":"https:\/\/handlinginlisbon.com\/servicios-generales\/#breadcrumb"},"inLanguage":"en-GB","potentialAction":[{"@type":"ReadAction","target":["https:\/\/handlinginlisbon.com\/servicios-generales\/"]}]},{"@type":"BreadcrumbList","@id":"https:\/\/handlinginlisbon.com\/servicios-generales\/#breadcrumb","itemListElement":[{"@type":"ListItem","position":1,"name":"Home","item":"https:\/\/handlinginlisbon.com\/"},{"@type":"ListItem","position":2,"name":"Servicios Generales"}]}]}},"_links":{"self":[{"href":"https:\/\/handlinginlisbon.com\/en\/wp-json\/wp\/v2\/pages\/152"}],"collection":[{"href":"https:\/\/handlinginlisbon.com\/en\/wp-json\/wp\/v2\/pages"}],"about":[{"href":"https:\/\/handlinginlisbon.com\/en\/wp-json\/wp\/v2\/types\/page"}],"author":[{"embeddable":true,"href":"https:\/\/handlinginlisbon.com\/en\/wp-json\/wp\/v2\/users\/1"}],"replies":[{"embeddable":true,"href":"https:\/\/handlinginlisbon.com\/en\/wp-json\/wp\/v2\/comments?post=152"}],"version-history":[{"count":24,"href":"https:\/\/handlinginlisbon.com\/en\/wp-json\/wp\/v2\/pages\/152\/revisions"}],"predecessor-version":[{"id":476,"href":"https:\/\/handlinginlisbon.com\/en\/wp-json\/wp\/v2\/pages\/152\/revisions\/476"}],"wp:attachment":[{"href":"https:\/\/handlinginlisbon.com\/en\/wp-json\/wp\/v2\/media?parent=152"}],"curies":[{"name":"wp","href":"https:\/\/api.w.org\/{rel}","templated":true}]}}